{"id":7759,"date":"2025-11-11T08:32:22","date_gmt":"2025-11-11T07:32:22","guid":{"rendered":"https:\/\/www.manatnet.com\/blog\/?page_id=7759"},"modified":"2025-11-11T08:36:00","modified_gmt":"2025-11-11T07:36:00","slug":"die-typischen-reaktionsmuster-der-deutschen-wirtschaft","status":"publish","type":"page","link":"https:\/\/www.manatnet.com\/blog\/die-typischen-reaktionsmuster-der-deutschen-wirtschaft\/","title":{"rendered":"Die typischen Reaktionsmuster der deutschen Wirtschaft"},"content":{"rendered":"<p>&nbsp;<\/p>\n<p>Neben den permanenten Forderungen an die Politik, die wirtschaftlichen Rahmenbedungen zu verbessern, sind dies die typischen Reaktionsmuster:<\/p>\n<p>&nbsp;<\/p>\n<p><strong>(1) Investitions-Zur\u00fcckhaltung und Rationalisierung:<\/strong> Viele Unternehmen sind im \u201eAbwartemodus\u201c: Investitionen werden verschoben oder erfolgen nur noch zur Ersatz- und Rationalisierung (also nicht zur Kapazit\u00e4tserweiterung). So zeigt eine Umfrage der <a href=\"https:\/\/www.dihk.de\/resource\/blob\/128548\/b7569a73078b016e2a527ea073ab6ed9\/economic-survey-february-2025-data.pdf?utm_source=chatgpt.com\" target=\"_blank\" rel=\"noopener\"><span style=\"color: #ff0000;\">DIHK<\/span><\/a>, dass nur etwa ein Viertel der Firmen eine Zunahme der Investitionen plant, w\u00e4hrend ein Drittel K\u00fcrzungen vornimmt. Gleichzeitig ist die Unsicherheit hoch: Unternehmen sehen verst\u00e4rkt Rahmenbedingungen (B\u00fcrokratie, Energiepreise, Fachkr\u00e4ftemangel) als Risiko (<span style=\"color: #ff0000;\"><a style=\"color: #ff0000;\" href=\"https:\/\/www.dihk.de\/en\/german-economy\/the-poor-sentiment-among-companies-is-solidifying-112836?utm_source=chatgpt.com\" target=\"_blank\" rel=\"noopener\">DIHK<\/a><\/span>).<\/p>\n<p>&nbsp;<\/p>\n<p><strong>(2) Verlagerung und Diversifizierung der Wertsch\u00f6pfung \/ Produktion: <\/strong>Als Reaktion auf gestiegene Energiekosten, zunehmende B\u00fcrokratie und geopolitische Unsicherheiten verlagern Unternehmen teilweise Produktion ins Ausland oder diversifizieren ihre M\u00e4rkte und Lieferketten st\u00e4rker (<span style=\"color: #ff0000;\"><a style=\"color: #ff0000;\" href=\"https:\/\/www.lemonde.fr\/en\/economy\/article\/2024\/05\/13\/german-companies-are-increasingly-outsourcing-production_6671244_19.html?utm_source=chatgpt.com\" target=\"_blank\" rel=\"noopener\">Le Monde<\/a><\/span>) Damit versuchen sie, Kosten- und Risikoexposition in Deutschland zu reduzieren \u2013 was aber mittel- bis langfristig Standortnachteile nach sich ziehen k\u00f6nnte.<\/p>\n<p>&nbsp;<\/p>\n<p><strong>(3) Fokus auf Effizienz, Kostensenkung und Wandel statt Wachstumsschub:<\/strong> Statt auf starkes Wachstum setzen viele Firmen zun\u00e4chst auf Effizienzsteigerung, Digitalisierung, Ersatzinvestitionen. Auch die Stimmung in der Wirtschaft zeigt: Erwartungen auf einen starken Aufschwung sind gering (<a href=\"https:\/\/www.ifo.de\/fakten\/2025-10-27\/ifo-geschaeftsklimaindex-gestiegen-oktober-2025\" target=\"_blank\" rel=\"noopener\"><span style=\"color: #ff0000;\">ifo Institut<\/span><\/a>). Und Kostensenkung hei\u00dft im Hochlohnland Deutschland: Mitarbeiterabbau! So hat laut <a href=\"https:\/\/www.ey.com\/de_de\/newsroom\/2025\/08\/ey-industriebarometer-q2-2025\" target=\"_blank\" rel=\"noopener\"><span style=\"color: #ff0000;\">EY<\/span><\/a> die Deutsche Industrie innerhalb eines Jahres rund 114.000 Jobs abgebaut \u2013 davon allein die Automobilindustrie rund 51.500 Jobs (minus 7%). Dem Maschinenbau geht es und der besonders Energie-intensiven Chemie geht es kaum besser \u2013 und erst in dieser Woche berichtet das ifo Institut: \u201e<span style=\"color: #ff0000;\"><a style=\"color: #ff0000;\" href=\"https:\/\/www.ifo.de\/fakten\/2025-11-10\/geschaeftsklima-der-chemie-bricht-ein\" target=\"_blank\" rel=\"noopener\">Gesch\u00e4ftsklima in der Chemie bricht ein<\/a><\/span>\u201c.<\/p>\n","protected":false},"excerpt":{"rendered":"<p>&nbsp; Neben den permanenten Forderungen an die Politik, die wirtschaftlichen Rahmenbedungen zu verbessern, sind dies die typischen Reaktionsmuster: &nbsp; (1) Investitions-Zur\u00fcckhaltung und Rationalisierung: Viele Unternehmen sind im \u201eAbwartemodus\u201c: Investitionen werden verschoben oder erfolgen nur noch zur Ersatz- und Rationalisierung (also &hellip; <a href=\"https:\/\/www.manatnet.com\/blog\/die-typischen-reaktionsmuster-der-deutschen-wirtschaft\/\">Weiterlesen <span class=\"meta-nav\">&rarr;<\/span><\/a><\/p>\n","protected":false},"author":3,"featured_media":0,"parent":0,"menu_order":0,"comment_status":"closed","ping_status":"closed","template":"","meta":{"om_disable_all_campaigns":false,"_monsterinsights_skip_tracking":false,"_monsterinsights_sitenote_active":false,"_monsterinsights_sitenote_note":"","_monsterinsights_sitenote_category":0},"aioseo_notices":[],"_links":{"self":[{"href":"https:\/\/www.manatnet.com\/blog\/wp-json\/wp\/v2\/pages\/7759"}],"collection":[{"href":"https:\/\/www.manatnet.com\/blog\/wp-json\/wp\/v2\/pages"}],"about":[{"href":"https:\/\/www.manatnet.com\/blog\/wp-json\/wp\/v2\/types\/page"}],"author":[{"embeddable":true,"href":"https:\/\/www.manatnet.com\/blog\/wp-json\/wp\/v2\/users\/3"}],"replies":[{"embeddable":true,"href":"https:\/\/www.manatnet.com\/blog\/wp-json\/wp\/v2\/comments?post=7759"}],"version-history":[{"count":6,"href":"https:\/\/www.manatnet.com\/blog\/wp-json\/wp\/v2\/pages\/7759\/revisions"}],"predecessor-version":[{"id":7765,"href":"https:\/\/www.manatnet.com\/blog\/wp-json\/wp\/v2\/pages\/7759\/revisions\/7765"}],"wp:attachment":[{"href":"https:\/\/www.manatnet.com\/blog\/wp-json\/wp\/v2\/media?parent=7759"}],"curies":[{"name":"wp","href":"https:\/\/api.w.org\/{rel}","templated":true}]}}